{"id":1924,"date":"2023-06-27T10:52:13","date_gmt":"2023-06-27T10:52:13","guid":{"rendered":"https:\/\/www.llunaaquahotel.com\/signup-unusual-club\/"},"modified":"2023-11-06T13:46:41","modified_gmt":"2023-11-06T13:46:41","slug":"signup-unusual-club","status":"publish","type":"page","link":"https:\/\/www.llunaaquahotel.com\/fr\/signup-unusual-club\/","title":{"rendered":"CLUB"},"content":{"rendered":"","protected":false},"excerpt":{"rendered":"","protected":false},"author":3,"featured_media":0,"parent":0,"menu_order":0,"comment_status":"closed","ping_status":"closed","template":"","meta":{"footnotes":""},"class_list":["post-1924","page","type-page","status-publish","hentry"],"yoast_head":"<!-- This site is optimized with the Yoast SEO plugin v27.2 - https:\/\/yoast.com\/product\/yoast-seo-wordpress\/ -->\n<title>Lluna Aqua by Unusual Hotels in S\u00f3ller | Official website<\/title>\n<meta name=\"description\" content=\"Experience a luxury stay in S\u00f3ller, one of the most charming towns on the island. Welcome to our house in S\u00f3ller, welcome to your town.\" \/>\n<meta name=\"robots\" content=\"index, follow, max-snippet:-1, max-image-preview:large, max-video-preview:-1\" \/>\n<link rel=\"canonical\" href=\"https:\/\/www.llunaaquahotel.com\/signup-unusual-club\/\" \/>\n<meta property=\"og:locale\" content=\"fr_FR\" \/>\n<meta property=\"og:type\" content=\"article\" \/>\n<meta property=\"og:title\" content=\"Lluna Aqua by Unusual Hotels in S\u00f3ller | Official website\" \/>\n<meta property=\"og:description\" content=\"Experience a luxury stay in S\u00f3ller, one of the most charming towns on the island. Welcome to our house in S\u00f3ller, welcome to your town.\" \/>\n<meta property=\"og:url\" content=\"https:\/\/www.llunaaquahotel.com\/signup-unusual-club\/\" \/>\n<meta property=\"og:site_name\" content=\"Lluna Aqua S\u00f3ller\" \/>\n<meta property=\"article:modified_time\" content=\"2023-11-06T13:46:41+00:00\" \/>\n<meta name=\"twitter:card\" content=\"summary_large_image\" \/>\n<script type=\"application\/ld+json\" class=\"yoast-schema-graph\">{\"@context\":\"https:\/\/schema.org\",\"@graph\":[{\"@type\":\"WebPage\",\"@id\":\"https:\/\/www.llunaaquahotel.com\/signup-unusual-club\/\",\"url\":\"https:\/\/www.llunaaquahotel.com\/signup-unusual-club\/\",\"name\":\"Lluna Aqua by Unusual Hotels in S\u00f3ller | Official website\",\"isPartOf\":{\"@id\":\"https:\/\/www.llunaaquahotel.com\/#website\"},\"datePublished\":\"2023-06-27T10:52:13+00:00\",\"dateModified\":\"2023-11-06T13:46:41+00:00\",\"description\":\"Experience a luxury stay in S\u00f3ller, one of the most charming towns on the island. Welcome to our house in S\u00f3ller, welcome to your town.\",\"breadcrumb\":{\"@id\":\"https:\/\/www.llunaaquahotel.com\/signup-unusual-club\/#breadcrumb\"},\"inLanguage\":\"fr-FR\",\"potentialAction\":[{\"@type\":\"ReadAction\",\"target\":[\"https:\/\/www.llunaaquahotel.com\/signup-unusual-club\/\"]}]},{\"@type\":\"BreadcrumbList\",\"@id\":\"https:\/\/www.llunaaquahotel.com\/signup-unusual-club\/#breadcrumb\",\"itemListElement\":[{\"@type\":\"ListItem\",\"position\":1,\"name\":\"Portada\",\"item\":\"https:\/\/www.llunaaquahotel.com\/fr\/\"},{\"@type\":\"ListItem\",\"position\":2,\"name\":\"CLUB\"}]},{\"@type\":\"WebSite\",\"@id\":\"https:\/\/www.llunaaquahotel.com\/#website\",\"url\":\"https:\/\/www.llunaaquahotel.com\/\",\"name\":\"Lluna Aqua S\u00f3ller\",\"description\":\"\",\"potentialAction\":[{\"@type\":\"SearchAction\",\"target\":{\"@type\":\"EntryPoint\",\"urlTemplate\":\"https:\/\/www.llunaaquahotel.com\/?s={search_term_string}\"},\"query-input\":{\"@type\":\"PropertyValueSpecification\",\"valueRequired\":true,\"valueName\":\"search_term_string\"}}],\"inLanguage\":\"fr-FR\"}]}<\/script>\n<!-- \/ Yoast SEO plugin. -->","yoast_head_json":{"title":"Lluna Aqua by Unusual Hotels in S\u00f3ller | Official website","description":"Experience a luxury stay in S\u00f3ller, one of the most charming towns on the island. Welcome to our house in S\u00f3ller, welcome to your town.","robots":{"index":"index","follow":"follow","max-snippet":"max-snippet:-1","max-image-preview":"max-image-preview:large","max-video-preview":"max-video-preview:-1"},"canonical":"https:\/\/www.llunaaquahotel.com\/signup-unusual-club\/","og_locale":"fr_FR","og_type":"article","og_title":"Lluna Aqua by Unusual Hotels in S\u00f3ller | Official website","og_description":"Experience a luxury stay in S\u00f3ller, one of the most charming towns on the island. Welcome to our house in S\u00f3ller, welcome to your town.","og_url":"https:\/\/www.llunaaquahotel.com\/signup-unusual-club\/","og_site_name":"Lluna Aqua S\u00f3ller","article_modified_time":"2023-11-06T13:46:41+00:00","twitter_card":"summary_large_image","schema":{"@context":"https:\/\/schema.org","@graph":[{"@type":"WebPage","@id":"https:\/\/www.llunaaquahotel.com\/signup-unusual-club\/","url":"https:\/\/www.llunaaquahotel.com\/signup-unusual-club\/","name":"Lluna Aqua by Unusual Hotels in S\u00f3ller | Official website","isPartOf":{"@id":"https:\/\/www.llunaaquahotel.com\/#website"},"datePublished":"2023-06-27T10:52:13+00:00","dateModified":"2023-11-06T13:46:41+00:00","description":"Experience a luxury stay in S\u00f3ller, one of the most charming towns on the island. Welcome to our house in S\u00f3ller, welcome to your town.","breadcrumb":{"@id":"https:\/\/www.llunaaquahotel.com\/signup-unusual-club\/#breadcrumb"},"inLanguage":"fr-FR","potentialAction":[{"@type":"ReadAction","target":["https:\/\/www.llunaaquahotel.com\/signup-unusual-club\/"]}]},{"@type":"BreadcrumbList","@id":"https:\/\/www.llunaaquahotel.com\/signup-unusual-club\/#breadcrumb","itemListElement":[{"@type":"ListItem","position":1,"name":"Portada","item":"https:\/\/www.llunaaquahotel.com\/fr\/"},{"@type":"ListItem","position":2,"name":"CLUB"}]},{"@type":"WebSite","@id":"https:\/\/www.llunaaquahotel.com\/#website","url":"https:\/\/www.llunaaquahotel.com\/","name":"Lluna Aqua S\u00f3ller","description":"","potentialAction":[{"@type":"SearchAction","target":{"@type":"EntryPoint","urlTemplate":"https:\/\/www.llunaaquahotel.com\/?s={search_term_string}"},"query-input":{"@type":"PropertyValueSpecification","valueRequired":true,"valueName":"search_term_string"}}],"inLanguage":"fr-FR"}]}},"_links":{"self":[{"href":"https:\/\/www.llunaaquahotel.com\/fr\/wp-json\/wp\/v2\/pages\/1924","targetHints":{"allow":["GET"]}}],"collection":[{"href":"https:\/\/www.llunaaquahotel.com\/fr\/wp-json\/wp\/v2\/pages"}],"about":[{"href":"https:\/\/www.llunaaquahotel.com\/fr\/wp-json\/wp\/v2\/types\/page"}],"author":[{"embeddable":true,"href":"https:\/\/www.llunaaquahotel.com\/fr\/wp-json\/wp\/v2\/users\/3"}],"replies":[{"embeddable":true,"href":"https:\/\/www.llunaaquahotel.com\/fr\/wp-json\/wp\/v2\/comments?post=1924"}],"version-history":[{"count":0,"href":"https:\/\/www.llunaaquahotel.com\/fr\/wp-json\/wp\/v2\/pages\/1924\/revisions"}],"wp:attachment":[{"href":"https:\/\/www.llunaaquahotel.com\/fr\/wp-json\/wp\/v2\/media?parent=1924"}],"curies":[{"name":"wp","href":"https:\/\/api.w.org\/{rel}","templated":true}]}}