{"id":1042,"date":"2018-09-13T14:18:41","date_gmt":"2018-09-13T14:18:41","guid":{"rendered":"https:\/\/www.llunaaquahotel.com\/hotel-centro-de-soller\/"},"modified":"2023-11-06T11:37:19","modified_gmt":"2023-11-06T11:37:19","slug":"hotel-centre-de-soller","status":"publish","type":"page","link":"https:\/\/www.llunaaquahotel.com\/fr\/hotel-centre-de-soller\/","title":{"rendered":"MAISON"},"content":{"rendered":"","protected":false},"excerpt":{"rendered":"","protected":false},"author":1,"featured_media":0,"parent":0,"menu_order":0,"comment_status":"closed","ping_status":"closed","template":"","meta":{"footnotes":""},"class_list":["post-1042","page","type-page","status-publish","hentry"],"yoast_head":"<!-- This site is optimized with the Yoast SEO plugin v27.4 - https:\/\/yoast.com\/product\/yoast-seo-wordpress\/ -->\n<title>H\u00f4tel dans le centre historique de S\u00f3ller | Lluna Aqua S\u00f3ller<\/title>\n<meta name=\"description\" content=\"Notre h\u00f4tel se situe dans le centre historique de S\u00f3ller, dans un b\u00e2timent datant du d\u00e9but du XXe si\u00e8cle, \u00e0 10 m\u00e8tres de la Plaza Constituci\u00f3n.\" \/>\n<meta name=\"robots\" content=\"index, follow, max-snippet:-1, max-image-preview:large, max-video-preview:-1\" \/>\n<link rel=\"canonical\" href=\"https:\/\/www.llunaaquahotel.com\/hotel-soller-old-town\/\" \/>\n<meta property=\"og:locale\" content=\"fr_FR\" \/>\n<meta property=\"og:type\" content=\"article\" \/>\n<meta property=\"og:title\" content=\"H\u00f4tel dans le centre historique de S\u00f3ller | Lluna Aqua S\u00f3ller\" \/>\n<meta property=\"og:description\" content=\"Notre h\u00f4tel se situe dans le centre historique de S\u00f3ller, dans un b\u00e2timent datant du d\u00e9but du XXe si\u00e8cle, \u00e0 10 m\u00e8tres de la Plaza Constituci\u00f3n.\" \/>\n<meta property=\"og:url\" content=\"https:\/\/www.llunaaquahotel.com\/hotel-soller-old-town\/\" \/>\n<meta property=\"og:site_name\" content=\"Lluna Aqua S\u00f3ller\" \/>\n<meta property=\"article:modified_time\" content=\"2023-11-06T11:37:19+00:00\" \/>\n<meta name=\"twitter:card\" content=\"summary_large_image\" \/>\n<script type=\"application\/ld+json\" class=\"yoast-schema-graph\">{\"@context\":\"https:\\\/\\\/schema.org\",\"@graph\":[{\"@type\":\"WebPage\",\"@id\":\"https:\\\/\\\/www.llunaaquahotel.com\\\/hotel-soller-old-town\\\/\",\"url\":\"https:\\\/\\\/www.llunaaquahotel.com\\\/hotel-soller-old-town\\\/\",\"name\":\"H\u00f4tel dans le centre historique de S\u00f3ller | Lluna Aqua S\u00f3ller\",\"isPartOf\":{\"@id\":\"https:\\\/\\\/www.llunaaquahotel.com\\\/#website\"},\"datePublished\":\"2018-09-13T14:18:41+00:00\",\"dateModified\":\"2023-11-06T11:37:19+00:00\",\"description\":\"Notre h\u00f4tel se situe dans le centre historique de S\u00f3ller, dans un b\u00e2timent datant du d\u00e9but du XXe si\u00e8cle, \u00e0 10 m\u00e8tres de la Plaza Constituci\u00f3n.\",\"breadcrumb\":{\"@id\":\"https:\\\/\\\/www.llunaaquahotel.com\\\/hotel-soller-old-town\\\/#breadcrumb\"},\"inLanguage\":\"fr-FR\",\"potentialAction\":[{\"@type\":\"ReadAction\",\"target\":[\"https:\\\/\\\/www.llunaaquahotel.com\\\/hotel-soller-old-town\\\/\"]}]},{\"@type\":\"BreadcrumbList\",\"@id\":\"https:\\\/\\\/www.llunaaquahotel.com\\\/hotel-soller-old-town\\\/#breadcrumb\",\"itemListElement\":[{\"@type\":\"ListItem\",\"position\":1,\"name\":\"Portada\",\"item\":\"https:\\\/\\\/www.llunaaquahotel.com\\\/fr\\\/\"},{\"@type\":\"ListItem\",\"position\":2,\"name\":\"MAISON\"}]},{\"@type\":\"WebSite\",\"@id\":\"https:\\\/\\\/www.llunaaquahotel.com\\\/#website\",\"url\":\"https:\\\/\\\/www.llunaaquahotel.com\\\/\",\"name\":\"Lluna Aqua S\u00f3ller\",\"description\":\"\",\"potentialAction\":[{\"@type\":\"SearchAction\",\"target\":{\"@type\":\"EntryPoint\",\"urlTemplate\":\"https:\\\/\\\/www.llunaaquahotel.com\\\/?s={search_term_string}\"},\"query-input\":{\"@type\":\"PropertyValueSpecification\",\"valueRequired\":true,\"valueName\":\"search_term_string\"}}],\"inLanguage\":\"fr-FR\"}]}<\/script>\n<!-- \/ Yoast SEO plugin. -->","yoast_head_json":{"title":"H\u00f4tel dans le centre historique de S\u00f3ller | Lluna Aqua S\u00f3ller","description":"Notre h\u00f4tel se situe dans le centre historique de S\u00f3ller, dans un b\u00e2timent datant du d\u00e9but du XXe si\u00e8cle, \u00e0 10 m\u00e8tres de la Plaza Constituci\u00f3n.","robots":{"index":"index","follow":"follow","max-snippet":"max-snippet:-1","max-image-preview":"max-image-preview:large","max-video-preview":"max-video-preview:-1"},"canonical":"https:\/\/www.llunaaquahotel.com\/hotel-soller-old-town\/","og_locale":"fr_FR","og_type":"article","og_title":"H\u00f4tel dans le centre historique de S\u00f3ller | Lluna Aqua S\u00f3ller","og_description":"Notre h\u00f4tel se situe dans le centre historique de S\u00f3ller, dans un b\u00e2timent datant du d\u00e9but du XXe si\u00e8cle, \u00e0 10 m\u00e8tres de la Plaza Constituci\u00f3n.","og_url":"https:\/\/www.llunaaquahotel.com\/hotel-soller-old-town\/","og_site_name":"Lluna Aqua S\u00f3ller","article_modified_time":"2023-11-06T11:37:19+00:00","twitter_card":"summary_large_image","schema":{"@context":"https:\/\/schema.org","@graph":[{"@type":"WebPage","@id":"https:\/\/www.llunaaquahotel.com\/hotel-soller-old-town\/","url":"https:\/\/www.llunaaquahotel.com\/hotel-soller-old-town\/","name":"H\u00f4tel dans le centre historique de S\u00f3ller | Lluna Aqua S\u00f3ller","isPartOf":{"@id":"https:\/\/www.llunaaquahotel.com\/#website"},"datePublished":"2018-09-13T14:18:41+00:00","dateModified":"2023-11-06T11:37:19+00:00","description":"Notre h\u00f4tel se situe dans le centre historique de S\u00f3ller, dans un b\u00e2timent datant du d\u00e9but du XXe si\u00e8cle, \u00e0 10 m\u00e8tres de la Plaza Constituci\u00f3n.","breadcrumb":{"@id":"https:\/\/www.llunaaquahotel.com\/hotel-soller-old-town\/#breadcrumb"},"inLanguage":"fr-FR","potentialAction":[{"@type":"ReadAction","target":["https:\/\/www.llunaaquahotel.com\/hotel-soller-old-town\/"]}]},{"@type":"BreadcrumbList","@id":"https:\/\/www.llunaaquahotel.com\/hotel-soller-old-town\/#breadcrumb","itemListElement":[{"@type":"ListItem","position":1,"name":"Portada","item":"https:\/\/www.llunaaquahotel.com\/fr\/"},{"@type":"ListItem","position":2,"name":"MAISON"}]},{"@type":"WebSite","@id":"https:\/\/www.llunaaquahotel.com\/#website","url":"https:\/\/www.llunaaquahotel.com\/","name":"Lluna Aqua S\u00f3ller","description":"","potentialAction":[{"@type":"SearchAction","target":{"@type":"EntryPoint","urlTemplate":"https:\/\/www.llunaaquahotel.com\/?s={search_term_string}"},"query-input":{"@type":"PropertyValueSpecification","valueRequired":true,"valueName":"search_term_string"}}],"inLanguage":"fr-FR"}]}},"_links":{"self":[{"href":"https:\/\/www.llunaaquahotel.com\/fr\/wp-json\/wp\/v2\/pages\/1042","targetHints":{"allow":["GET"]}}],"collection":[{"href":"https:\/\/www.llunaaquahotel.com\/fr\/wp-json\/wp\/v2\/pages"}],"about":[{"href":"https:\/\/www.llunaaquahotel.com\/fr\/wp-json\/wp\/v2\/types\/page"}],"author":[{"embeddable":true,"href":"https:\/\/www.llunaaquahotel.com\/fr\/wp-json\/wp\/v2\/users\/1"}],"replies":[{"embeddable":true,"href":"https:\/\/www.llunaaquahotel.com\/fr\/wp-json\/wp\/v2\/comments?post=1042"}],"version-history":[{"count":0,"href":"https:\/\/www.llunaaquahotel.com\/fr\/wp-json\/wp\/v2\/pages\/1042\/revisions"}],"wp:attachment":[{"href":"https:\/\/www.llunaaquahotel.com\/fr\/wp-json\/wp\/v2\/media?parent=1042"}],"curies":[{"name":"wp","href":"https:\/\/api.w.org\/{rel}","templated":true}]}}