{"id":562,"date":"2018-09-13T14:18:41","date_gmt":"2018-09-13T14:18:41","guid":{"rendered":"https:\/\/www.llunaaquahotel.com\/hotel-boutique-en-palma\/"},"modified":"2023-11-06T11:25:36","modified_gmt":"2023-11-06T11:25:36","slug":"hotel-soller-altstadt","status":"publish","type":"page","link":"https:\/\/www.llunaaquahotel.com\/de\/hotel-soller-altstadt\/","title":{"rendered":"Haus"},"content":{"rendered":"","protected":false},"excerpt":{"rendered":"","protected":false},"author":1,"featured_media":0,"parent":0,"menu_order":0,"comment_status":"closed","ping_status":"closed","template":"","meta":{"footnotes":""},"class_list":["post-562","page","type-page","status-publish","hentry"],"yoast_head":"<!-- This site is optimized with the Yoast SEO plugin v27.4 - https:\/\/yoast.com\/product\/yoast-seo-wordpress\/ -->\n<title>Lluna Aqua by Unusual Hotels in der Altstadt von S\u00f3ller<\/title>\n<meta name=\"description\" content=\"Unser Hotel liegt in der Altstadt von S\u00f3ller. Es handelt sich um ein herrschaftliches Geb\u00e4ude aus dem fr\u00fchen 20. Jahrhundert, gerade einmal 10 Meter von der Plaza Constituci\u00f3n.\" \/>\n<meta name=\"robots\" content=\"index, follow, max-snippet:-1, max-image-preview:large, max-video-preview:-1\" \/>\n<link rel=\"canonical\" href=\"https:\/\/www.llunaaquahotel.com\/hotel-soller-old-town\/\" \/>\n<meta property=\"og:locale\" content=\"de_DE\" \/>\n<meta property=\"og:type\" content=\"article\" \/>\n<meta property=\"og:title\" content=\"Lluna Aqua by Unusual Hotels in der Altstadt von S\u00f3ller\" \/>\n<meta property=\"og:description\" content=\"Unser Hotel liegt in der Altstadt von S\u00f3ller. Es handelt sich um ein herrschaftliches Geb\u00e4ude aus dem fr\u00fchen 20. Jahrhundert, gerade einmal 10 Meter von der Plaza Constituci\u00f3n.\" \/>\n<meta property=\"og:url\" content=\"https:\/\/www.llunaaquahotel.com\/hotel-soller-old-town\/\" \/>\n<meta property=\"og:site_name\" content=\"Lluna Aqua S\u00f3ller\" \/>\n<meta property=\"article:modified_time\" content=\"2023-11-06T11:25:36+00:00\" \/>\n<meta name=\"twitter:card\" content=\"summary_large_image\" \/>\n<script type=\"application\/ld+json\" class=\"yoast-schema-graph\">{\"@context\":\"https:\\\/\\\/schema.org\",\"@graph\":[{\"@type\":\"WebPage\",\"@id\":\"https:\\\/\\\/www.llunaaquahotel.com\\\/hotel-soller-old-town\\\/\",\"url\":\"https:\\\/\\\/www.llunaaquahotel.com\\\/hotel-soller-old-town\\\/\",\"name\":\"Lluna Aqua by Unusual Hotels in der Altstadt von S\u00f3ller\",\"isPartOf\":{\"@id\":\"https:\\\/\\\/www.llunaaquahotel.com\\\/#website\"},\"datePublished\":\"2018-09-13T14:18:41+00:00\",\"dateModified\":\"2023-11-06T11:25:36+00:00\",\"description\":\"Unser Hotel liegt in der Altstadt von S\u00f3ller. Es handelt sich um ein herrschaftliches Geb\u00e4ude aus dem fr\u00fchen 20. Jahrhundert, gerade einmal 10 Meter von der Plaza Constituci\u00f3n.\",\"breadcrumb\":{\"@id\":\"https:\\\/\\\/www.llunaaquahotel.com\\\/hotel-soller-old-town\\\/#breadcrumb\"},\"inLanguage\":\"de\",\"potentialAction\":[{\"@type\":\"ReadAction\",\"target\":[\"https:\\\/\\\/www.llunaaquahotel.com\\\/hotel-soller-old-town\\\/\"]}]},{\"@type\":\"BreadcrumbList\",\"@id\":\"https:\\\/\\\/www.llunaaquahotel.com\\\/hotel-soller-old-town\\\/#breadcrumb\",\"itemListElement\":[{\"@type\":\"ListItem\",\"position\":1,\"name\":\"Portada\",\"item\":\"https:\\\/\\\/www.llunaaquahotel.com\\\/de\\\/\"},{\"@type\":\"ListItem\",\"position\":2,\"name\":\"Haus\"}]},{\"@type\":\"WebSite\",\"@id\":\"https:\\\/\\\/www.llunaaquahotel.com\\\/#website\",\"url\":\"https:\\\/\\\/www.llunaaquahotel.com\\\/\",\"name\":\"Lluna Aqua S\u00f3ller\",\"description\":\"\",\"potentialAction\":[{\"@type\":\"SearchAction\",\"target\":{\"@type\":\"EntryPoint\",\"urlTemplate\":\"https:\\\/\\\/www.llunaaquahotel.com\\\/?s={search_term_string}\"},\"query-input\":{\"@type\":\"PropertyValueSpecification\",\"valueRequired\":true,\"valueName\":\"search_term_string\"}}],\"inLanguage\":\"de\"}]}<\/script>\n<!-- \/ Yoast SEO plugin. -->","yoast_head_json":{"title":"Lluna Aqua by Unusual Hotels in der Altstadt von S\u00f3ller","description":"Unser Hotel liegt in der Altstadt von S\u00f3ller. Es handelt sich um ein herrschaftliches Geb\u00e4ude aus dem fr\u00fchen 20. Jahrhundert, gerade einmal 10 Meter von der Plaza Constituci\u00f3n.","robots":{"index":"index","follow":"follow","max-snippet":"max-snippet:-1","max-image-preview":"max-image-preview:large","max-video-preview":"max-video-preview:-1"},"canonical":"https:\/\/www.llunaaquahotel.com\/hotel-soller-old-town\/","og_locale":"de_DE","og_type":"article","og_title":"Lluna Aqua by Unusual Hotels in der Altstadt von S\u00f3ller","og_description":"Unser Hotel liegt in der Altstadt von S\u00f3ller. Es handelt sich um ein herrschaftliches Geb\u00e4ude aus dem fr\u00fchen 20. Jahrhundert, gerade einmal 10 Meter von der Plaza Constituci\u00f3n.","og_url":"https:\/\/www.llunaaquahotel.com\/hotel-soller-old-town\/","og_site_name":"Lluna Aqua S\u00f3ller","article_modified_time":"2023-11-06T11:25:36+00:00","twitter_card":"summary_large_image","schema":{"@context":"https:\/\/schema.org","@graph":[{"@type":"WebPage","@id":"https:\/\/www.llunaaquahotel.com\/hotel-soller-old-town\/","url":"https:\/\/www.llunaaquahotel.com\/hotel-soller-old-town\/","name":"Lluna Aqua by Unusual Hotels in der Altstadt von S\u00f3ller","isPartOf":{"@id":"https:\/\/www.llunaaquahotel.com\/#website"},"datePublished":"2018-09-13T14:18:41+00:00","dateModified":"2023-11-06T11:25:36+00:00","description":"Unser Hotel liegt in der Altstadt von S\u00f3ller. Es handelt sich um ein herrschaftliches Geb\u00e4ude aus dem fr\u00fchen 20. Jahrhundert, gerade einmal 10 Meter von der Plaza Constituci\u00f3n.","breadcrumb":{"@id":"https:\/\/www.llunaaquahotel.com\/hotel-soller-old-town\/#breadcrumb"},"inLanguage":"de","potentialAction":[{"@type":"ReadAction","target":["https:\/\/www.llunaaquahotel.com\/hotel-soller-old-town\/"]}]},{"@type":"BreadcrumbList","@id":"https:\/\/www.llunaaquahotel.com\/hotel-soller-old-town\/#breadcrumb","itemListElement":[{"@type":"ListItem","position":1,"name":"Portada","item":"https:\/\/www.llunaaquahotel.com\/de\/"},{"@type":"ListItem","position":2,"name":"Haus"}]},{"@type":"WebSite","@id":"https:\/\/www.llunaaquahotel.com\/#website","url":"https:\/\/www.llunaaquahotel.com\/","name":"Lluna Aqua S\u00f3ller","description":"","potentialAction":[{"@type":"SearchAction","target":{"@type":"EntryPoint","urlTemplate":"https:\/\/www.llunaaquahotel.com\/?s={search_term_string}"},"query-input":{"@type":"PropertyValueSpecification","valueRequired":true,"valueName":"search_term_string"}}],"inLanguage":"de"}]}},"_links":{"self":[{"href":"https:\/\/www.llunaaquahotel.com\/de\/wp-json\/wp\/v2\/pages\/562","targetHints":{"allow":["GET"]}}],"collection":[{"href":"https:\/\/www.llunaaquahotel.com\/de\/wp-json\/wp\/v2\/pages"}],"about":[{"href":"https:\/\/www.llunaaquahotel.com\/de\/wp-json\/wp\/v2\/types\/page"}],"author":[{"embeddable":true,"href":"https:\/\/www.llunaaquahotel.com\/de\/wp-json\/wp\/v2\/users\/1"}],"replies":[{"embeddable":true,"href":"https:\/\/www.llunaaquahotel.com\/de\/wp-json\/wp\/v2\/comments?post=562"}],"version-history":[{"count":0,"href":"https:\/\/www.llunaaquahotel.com\/de\/wp-json\/wp\/v2\/pages\/562\/revisions"}],"wp:attachment":[{"href":"https:\/\/www.llunaaquahotel.com\/de\/wp-json\/wp\/v2\/media?parent=562"}],"curies":[{"name":"wp","href":"https:\/\/api.w.org\/{rel}","templated":true}]}}